{"id":53,"date":"2020-05-02T18:55:46","date_gmt":"2020-05-02T16:55:46","guid":{"rendered":"https:\/\/studiobox.no\/?page_id=53"},"modified":"2025-12-30T21:02:57","modified_gmt":"2025-12-30T20:02:57","slug":"hjemmeside","status":"publish","type":"page","link":"https:\/\/studiobox.no\/no\/","title":{"rendered":"Hjemmeside"},"content":{"rendered":"\n<div class=\"wp-block-cover alignfull has-parallax introimage\" style=\"min-height:100vh\"><span aria-hidden=\"true\" class=\"wp-block-cover__background has-black-background-color has-background-dim-50 has-background-dim\"><\/span><div role=\"img\" class=\"wp-block-cover__image-background wp-image-1886 has-parallax\" style=\"background-position:50% 50%;background-image:url(https:\/\/studiobox.no\/wp-content\/uploads\/2022\/12\/studiobox_01-scaled.jpg)\"><\/div><div class=\"wp-block-cover__inner-container\">\n<p class=\"has-text-align-center header-text\" style=\"font-size:63px\"><mark style=\"background-color:rgba(0, 0, 0, 0)\" class=\"has-inline-color has-white-color\"><em>Let\u2019s bring your song to life on an indie budget<\/em><\/mark><\/p>\n\n\n\n<div class=\"is-horizontal is-content-justification-center is-layout-flex wp-container-1 wp-block-buttons contact-button\">\n<div class=\"wp-block-button\"><a class=\"wp-block-button__link wp-element-button\" href=\"#contact\">CONTACT ME<\/a><\/div>\n<\/div>\n\n\n\n\n\n<div class=\"is-layout-flex wp-container-3 wp-block-columns alignwide are-vertically-aligned-top intro\">\n<div class=\"is-layout-flow wp-block-column is-vertically-aligned-top\">\n<blockquote class=\"wp-block-quote has-text-align-center is-style-large\">\n<p class=\"has-medium-font-size\"><strong>Finished in 2020, Studiobox new studio was designed with the help of the amazing people at John Sayers studio design forum. Fully floating room with custom acoustic treatment built for amazing sonic accuracy.<\/strong><\/p>\n<cite><a href=\"#services\" data-type=\"internal\" data-id=\"#services\"><strong>CHECK OUT MY SERVICES<\/strong><\/a><\/cite><\/blockquote>\n<\/div>\n<\/div>\n<\/div><\/div>\n\n\n\n\n\n<div class=\"is-layout-flex wp-container-5 wp-block-columns alignwide are-vertically-aligned-top intro\">\n<div class=\"is-layout-flow wp-block-column is-vertically-aligned-top\">\n<blockquote class=\"wp-block-quote has-text-align-center is-style-large\">\n<p>Greetings, I am Bj\u00f8rn Ole Lindseth, an artistic soul rooted in the timeless beauty of Northern Norway. I&#8217;m a Producer, Mixing Engineer, Musician, songwriter &#8212; crafting melodies and tunes that echo the raw essence of my surroundings.<\/p>\n\n\n\n<p>I<em> love making music on every level, so whether you want me to produce or mix for you, I can&#8217;t wait to dive into your next project together<\/em>. <a href=\"#contact\" data-type=\"internal\" data-id=\"#contact\">Click here<\/a> to send me a message for a free consultation on what you\u2019d like for your next project. Have a rough mix already? Include a link!<\/p>\n\n\n<style>#wprev-slider-1 .wprev_preview_bradius_T1 {border-radius: 0px;}#wprev-slider-1 .wprev_preview_bg1_T1 {background:#ffffff;}#wprev-slider-1 .wprev_preview_bg1_T1::after{ border-top: 30px solid #ffffff; }#wprev-slider-1 .wprs_rd_more{color:#a8a8a8;}<\/style><style><\/style><style>@media only screen and (max-width: 600px) {nav.wprs_unslider-nav {display: none;}}<\/style><div class=\"wprev-slider revnotsameheight\" id=\"wprev-slider-1\" data-revsameheight=\"no\" data-onemobil=\"yes\" data-sliderautoplay=\"\"  data-slidespeed=\"1\" data-slideautodelay=\"5\" data-sliderhideprevnext=\"\" data-sliderhidedots=\"\" data-sliderfixedheight=\"\"><ul><li>\t\t<div class=\"wprevpro_t1_outer_div w3_wprs-row-padding\">\r\n\t\t\t\t<div class=\"wprevpro_t1_DIV_1 w3_wprs-col l4\">\r\n\t\t\t<div class=\"indrevdiv wprevpro_t1_DIV_2 wprev_preview_bg1_T1 wprev_preview_tcolor1_T1 wprev_preview_bradius_T1\">\r\n\t\t\t\t<p class=\"wprevpro_t1_P_3 wprev_preview_tcolor1_T1\">\r\n\t\t\t\t\t<span class=\"wprevpro_star_imgs_T1\"><span class=\"starloc1 wprevpro_star_imgs wprevpro_star_imgsloc1\"><span class=\"svgicons svg-wprsp-star\"><\/span><span class=\"svgicons svg-wprsp-star\"><\/span><span class=\"svgicons svg-wprsp-star\"><\/span><span class=\"svgicons svg-wprsp-star\"><\/span><span class=\"svgicons svg-wprsp-star\"><\/span><\/span><\/span><span class=\"verifiedloc1 wprevpro_verified_svg wprevtooltip\" data-wprevtooltip=\"Verified on Google\"><span class=\"svgicons svg-wprsp-verified\"><\/span><\/span>Jeg jobbet med Bj\u00f8rn Ole p\u00e5 en pop sang som kommer ut i januar. Dette er den beste produsenten jeg<span class='wprs_rd_more'>... read more<\/span><span class='wprs_rd_more_text' style='display:none;'> har samarbeidet med! Vi hadde en utrolig god kommunikasjon. Han kom med gode og kreative l\u00f8sninger som l\u00f8ftet hele sangen. Han var l\u00f8sningsorientert, proffersjonell,  og han var veldig god p\u00e5 \u00e5 forst\u00e5 hvilken vibe jeg ville ha i sangen. Jeg vil ansolutt samarbeide med han igjenn!<\/span>\t\t\t\t<\/p>\r\n\t\t\t\t\t\t\t\t\t\t\t<\/div><span class=\"wprevpro_t1_A_8\"><img src=\"https:\/\/lh3.googleusercontent.com\/a-\/ALV-UjW-r9o7NFNvDQh1N730-CU3FmA9T-WVOllXCFroaWdsWoObEX8q=s64-c-rp-mo-br100\" alt=\"Mira Paulsen Avatar\" class=\"wprevpro_t1_IMG_4\" loading=\"lazy\" \/><\/span> <span class=\"wprevpro_t1_SPAN_5 wprev_preview_tcolor2_T1\">Mira<br\/><span class=\"wprev_showdate_T1\"><\/span> <\/span>\r\n\t\t<\/div>\r\n\t\t\t<div class=\"wprevpro_t1_DIV_1 w3_wprs-col l4\">\r\n\t\t\t<div class=\"indrevdiv wprevpro_t1_DIV_2 wprev_preview_bg1_T1 wprev_preview_tcolor1_T1 wprev_preview_bradius_T1\">\r\n\t\t\t\t<p class=\"wprevpro_t1_P_3 wprev_preview_tcolor1_T1\">\r\n\t\t\t\t\t<span class=\"wprevpro_star_imgs_T1\"><span class=\"starloc1 wprevpro_star_imgs wprevpro_star_imgsloc1\"><span class=\"svgicons svg-wprsp-star\"><\/span><span class=\"svgicons svg-wprsp-star\"><\/span><span class=\"svgicons svg-wprsp-star\"><\/span><span class=\"svgicons svg-wprsp-star\"><\/span><span class=\"svgicons svg-wprsp-star\"><\/span><\/span><\/span><span class=\"verifiedloc1 wprevpro_verified_svg wprevtooltip\" data-wprevtooltip=\"Verified on Google\"><span class=\"svgicons svg-wprsp-verified\"><\/span><\/span>Studiobox hjalp meg \u00e5 gi ut min f\u00f8rste julel\u00e5t i 2023. Flink og rik p\u00e5 erfaring og jeg f\u00f8lte meg<span class='wprs_rd_more'>... read more<\/span><span class='wprs_rd_more_text' style='display:none;'> virkelig forst\u00e5tt i hvordan jeg \u00f8nsket at sangen skulle utfolde seg. Studiobox gjorde at sangen ble enda bedre enn jeg kunne klart \u00e5 forestille meg! Anbefaler virkelig p\u00e5 det sterkeste \u00e5 bruke Studiobox om du \u00f8nsker noen som kan sakene sine    Jeg vet hvertfall at jeg skal tilbake dit igjen!<\/span>\t\t\t\t<\/p>\r\n\t\t\t\t\t\t\t\t\t\t\t<\/div><span class=\"wprevpro_t1_A_8\"><img src=\"https:\/\/lh3.googleusercontent.com\/a-\/ALV-UjWlZyh8dFNVzg5Ztfh7CZ3OrJFSlH73wcu5-0df1koyKrBrsLA=s120-c-rp-mo-br100\" alt=\"Emilie Hansen Avatar\" class=\"wprevpro_t1_IMG_4\" loading=\"lazy\" \/><\/span> <span class=\"wprevpro_t1_SPAN_5 wprev_preview_tcolor2_T1\">Emilie<br\/><span class=\"wprev_showdate_T1\"><\/span> <\/span>\r\n\t\t<\/div>\r\n\t\t\t<div class=\"wprevpro_t1_DIV_1 w3_wprs-col l4\">\r\n\t\t\t<div class=\"indrevdiv wprevpro_t1_DIV_2 wprev_preview_bg1_T1 wprev_preview_tcolor1_T1 wprev_preview_bradius_T1\">\r\n\t\t\t\t<p class=\"wprevpro_t1_P_3 wprev_preview_tcolor1_T1\">\r\n\t\t\t\t\t<span class=\"wprevpro_star_imgs_T1\"><span class=\"starloc1 wprevpro_star_imgs wprevpro_star_imgsloc1\"><span class=\"svgicons svg-wprsp-star\"><\/span><span class=\"svgicons svg-wprsp-star\"><\/span><span class=\"svgicons svg-wprsp-star\"><\/span><span class=\"svgicons svg-wprsp-star\"><\/span><span class=\"svgicons svg-wprsp-star\"><\/span><\/span><\/span><span class=\"verifiedloc1 wprevpro_verified_svg wprevtooltip\" data-wprevtooltip=\"Verified on Google\"><span class=\"svgicons svg-wprsp-verified\"><\/span><\/span>Bjorn was a delight to work with! He answered all my questions and explained all the aspects I needed clearly.<span class='wprs_rd_more'>... read more<\/span><span class='wprs_rd_more_text' style='display:none;'> I appreciated how he taught me to work the Studio One program hands-on so that I would remember better. I look forward to continually working with him on future projects!<\/span>\t\t\t\t<\/p>\r\n\t\t\t\t\t\t\t\t\t\t\t<\/div><span class=\"wprevpro_t1_A_8\"><img src=\"https:\/\/lh3.googleusercontent.com\/a-\/ALV-UjVSXeKRsvo8cHrnU5GShvnjlYIx14YdA6fxTpBoVsgHMRBhL6MY=s120-c-rp-mo-br100\" alt=\"Brogan Avatar\" class=\"wprevpro_t1_IMG_4\" loading=\"lazy\" \/><\/span> <span class=\"wprevpro_t1_SPAN_5 wprev_preview_tcolor2_T1\">Brogan<br\/><span class=\"wprev_showdate_T1\"><\/span> <\/span>\r\n\t\t<\/div>\r\n\t\t<\/div>\r\n<\/li><\/ul><\/div>\r\n\n\n\n\n<div class=\"section-heading\">\n  <span id=\"services\" class=\"wpcu_block_title section-title\">MY SERVICES INCLUDES<\/span>\n<\/div>\n\n\n\n<p><strong>Mixing<\/strong><br><em>Singles <em>\u2022<\/em><\/em> <em>EP&#8217;s <em>\u2022<\/em><\/em> <em>Albums<\/em><\/p>\n\n\n\n<p><strong>Custom Production<\/strong><br><em>Custom music for advertising, tv, film, games and video<\/em><\/p>\n\n\n\n<p><strong>Music Production<\/strong><br><em>Start to Finish music production built around your vocal melody\/acapella<br>Communicating with musicians<br>Helping you find your sound<\/em><\/p>\n\n\n\n<p><strong>Vocal Production<\/strong><br>Comping, Tuning and Timing <\/p>\n\n\n\n<p>I\u2019d love to hear from you and see what I can do to help you, <a href=\"#contact\" data-type=\"internal\" data-id=\"#contact\">click here<\/a> and send me a message about your next project.<\/p>\n<\/blockquote>\n<\/div>\n<\/div>\n\n\n\n<figure class=\"wp-block-table is-style-stripes\"><table class=\"has-black-color has-text-color has-fixed-layout\"><thead><tr><th>Services<\/th><th>Desc.<\/th><th>Price<\/th><\/tr><\/thead><tbody><tr><td>Mixing<\/td><td>Up to 10 audio tracks <\/td><td>150 \u20ac<\/td><\/tr><tr><td>Mixing<\/td><td>Up to 48 audio tracks<\/td><td>200 \u20ac<\/td><\/tr><tr><td>Mixing<\/td><td>Over 48 audio tracks<\/td><td>from 300 \u20ac<\/td><\/tr><tr><td><\/td><td><\/td><td><\/td><\/tr><tr><td>Mastering<\/td><td>Mastering of 1 song<\/td><td>from 60 \u20ac<\/td><\/tr><tr><td><\/td><td><\/td><td><\/td><\/tr><tr><td>Vocal Tuning<\/td><td>Vocal comping and tuning<\/td><td>from 150  \u20ac<\/td><\/tr><tr><td><\/td><td><\/td><td><\/td><\/tr><tr><td>Audio Editing &amp; Other<\/td><td>Per hour<\/td><td>60 \u20ac<\/td><\/tr><tr><td>Overdubs<\/td><td>Up to 180 sec<\/td><td>150  \u20ac<\/td><\/tr><\/tbody><\/table><figcaption class=\"wp-element-caption\">You have the freedom to select <strong>your preferred mastering engineer<\/strong>. If you choose to work with an external mastering engineer, I will manage all communication with them. I won&#8217;t charge any extra or additional fees beyond this service. The mastering fee will be paid directly to the Mastering Engineer, in accordance with their service fee, which typically ranges from <strong>60-150 \u20ac per song<\/strong>, depending on your choice of mastering engineer.<\/figcaption><\/figure>\n\n\n\n<div class=\"section-heading\">\n  <span id=\"highlights\" class=\"wpcu_block_title section-title\">PROJECTS<\/span>\n<\/div>\n\n\n\n<p class=\"has-text-align-center\">A small selection of projects<\/p>\n\n\n<style id=\"sp_pcp_dynamic_style873\">#pcp_wrapper-873 .sp-pcp-row{ margin-right: -10px;margin-left: -10px;}#pcp_wrapper-873 .sp-pcp-row [class*='sp-pcp-col-']{padding-right: 10px;padding-left: 10px;padding-bottom: 20px;}#pcp_wrapper-873 .sp-pcp-post {padding: 0 0 0 25px;}#pcp_wrapper-873 .sp-pcp-post {border: 0px dotted #b5b5b5;}#pcp_wrapper-873 .sp-pcp-post {border-radius: 0px;}#pcp_wrapper-873 .sp-pcp-post{background-color: transparent;}.pcp-wrapper-873 .sp-pcp-post-meta li,.pcp-wrapper-873 .sp-pcp-post-meta ul,.pcp-wrapper-873 .sp-pcp-post-meta li a{color: #888;}.pcp-wrapper-873 .sp-pcp-post-meta li a:hover{color: #e1624b;}#pcp_wrapper-873 .pcp-post-pagination .page-numbers.current, #pcp_wrapper-873 .pcp-post-pagination a.active , #pcp_wrapper-873 .pcp-post-pagination a:hover{ color: #ffffff; background: #e1624b; border-color: #e1624b; }#pcp_wrapper-873 .pcp-post-pagination .page-numbers, .pcp-post-pagination a{ background: #ffffff; color:#5e5e5e; border-color: #bbbbbb; }<\/style>\n<div id=\"pcp_wrapper-873\" class=\"sp-pcp-section sp-pcp-container pcp-wrapper-873\">\n<div id=\"pcp-preloader\" class=\"pcp-preloader\"><\/div>\n\t\t<div class=\"sp-pcp-row\">\n\t\t\t\t<div class=\" sp-pcp-col-xs-1 sp-pcp-col-sm-2 sp-pcp-col-md-3 sp-pcp-col-lg-3 sp-pcp-col-xl-3\">\n\t\t\t<div class=\"sp-pcp-post pcp-item-2869\" data-id=\"2869\">\n\t\t\t\t\t\t\t\t<div class=\"pcp-post-thumb-wrapper\">\n\t\t\t\t\t<div class=\"sp-pcp-post-thumb-area\">\n\t\t\t\t\t\t\t\t\t\t\t\t<a class=\"sp-pcp-thumb\" href=\"https:\/\/studiobox.no\/no\/2025\/11\/mira-le-alive\/\" target=\"_blank\" rel=&#039;nofollow&#039;>\n\t\t\t\t\t\t\t\t\t\t\t\t\t<img src=\"https:\/\/studiobox.no\/wp-content\/uploads\/2025\/11\/cover_400-300x300.jpg\" width=\"300\" height=\"300\" alt=\"\">\n\t\t\t\t\t\t<\/a>\n\t\t\t\t\t<\/div>\n\t\t\t\t<\/div>\n\t\t\t\t\t\t\t<\/div>\n\t\t<\/div>\n\t\t\t\t<div class=\" sp-pcp-col-xs-1 sp-pcp-col-sm-2 sp-pcp-col-md-3 sp-pcp-col-lg-3 sp-pcp-col-xl-3\">\n\t\t\t<div class=\"sp-pcp-post pcp-item-2084\" data-id=\"2084\">\n\t\t\t\t\t\t\t\t<div class=\"pcp-post-thumb-wrapper\">\n\t\t\t\t\t<div class=\"sp-pcp-post-thumb-area\">\n\t\t\t\t\t\t\t\t\t\t\t\t<a class=\"sp-pcp-thumb\" href=\"https:\/\/studiobox.no\/no\/2025\/01\/paper-chimes-lies\/\" target=\"_blank\" rel=&#039;nofollow&#039;>\n\t\t\t\t\t\t\t\t\t\t\t\t\t<img src=\"https:\/\/studiobox.no\/wp-content\/uploads\/2025\/01\/cover_400-300x300.jpg\" width=\"300\" height=\"300\" alt=\"\">\n\t\t\t\t\t\t<\/a>\n\t\t\t\t\t<\/div>\n\t\t\t\t<\/div>\n\t\t\t\t\t\t\t<\/div>\n\t\t<\/div>\n\t\t\t\t<div class=\" sp-pcp-col-xs-1 sp-pcp-col-sm-2 sp-pcp-col-md-3 sp-pcp-col-lg-3 sp-pcp-col-xl-3\">\n\t\t\t<div class=\"sp-pcp-post pcp-item-2011\" data-id=\"2011\">\n\t\t\t\t\t\t\t\t<div class=\"pcp-post-thumb-wrapper\">\n\t\t\t\t\t<div class=\"sp-pcp-post-thumb-area\">\n\t\t\t\t\t\t\t\t\t\t\t\t<a class=\"sp-pcp-thumb\" href=\"https:\/\/studiobox.no\/no\/2023\/09\/slov-pulsewave-paradox\/\" target=\"_blank\" rel=&#039;nofollow&#039;>\n\t\t\t\t\t\t\t\t\t\t\t\t\t<img src=\"https:\/\/studiobox.no\/wp-content\/uploads\/2023\/09\/Debut-SINGLE_400-300x300.jpg\" width=\"300\" height=\"300\" alt=\"\">\n\t\t\t\t\t\t<\/a>\n\t\t\t\t\t<\/div>\n\t\t\t\t<\/div>\n\t\t\t\t\t\t\t<\/div>\n\t\t<\/div>\n\t\t\t\t<div class=\" sp-pcp-col-xs-1 sp-pcp-col-sm-2 sp-pcp-col-md-3 sp-pcp-col-lg-3 sp-pcp-col-xl-3\">\n\t\t\t<div class=\"sp-pcp-post pcp-item-2045\" data-id=\"2045\">\n\t\t\t\t\t\t\t\t<div class=\"pcp-post-thumb-wrapper\">\n\t\t\t\t\t<div class=\"sp-pcp-post-thumb-area\">\n\t\t\t\t\t\t\t\t\t\t\t\t<a class=\"sp-pcp-thumb\" href=\"https:\/\/studiobox.no\/no\/2023\/12\/2045\/\" target=\"_blank\" rel=&#039;nofollow&#039;>\n\t\t\t\t\t\t\t\t\t\t\t\t\t<img src=\"https:\/\/studiobox.no\/wp-content\/uploads\/2023\/12\/cover_300-300x300.jpg\" width=\"300\" height=\"300\" alt=\"\">\n\t\t\t\t\t\t<\/a>\n\t\t\t\t\t<\/div>\n\t\t\t\t<\/div>\n\t\t\t\t\t\t\t<\/div>\n\t\t<\/div>\n\t\t\t\t<div class=\" sp-pcp-col-xs-1 sp-pcp-col-sm-2 sp-pcp-col-md-3 sp-pcp-col-lg-3 sp-pcp-col-xl-3\">\n\t\t\t<div class=\"sp-pcp-post pcp-item-1996\" data-id=\"1996\">\n\t\t\t\t\t\t\t\t<div class=\"pcp-post-thumb-wrapper\">\n\t\t\t\t\t<div class=\"sp-pcp-post-thumb-area\">\n\t\t\t\t\t\t\t\t\t\t\t\t<a class=\"sp-pcp-thumb\" href=\"https:\/\/studiobox.no\/no\/2023\/02\/paper-chimes-good-luck-e-t-i-a\/\" target=\"_blank\" rel=&#039;nofollow&#039;>\n\t\t\t\t\t\t\t\t\t\t\t\t\t<img src=\"https:\/\/studiobox.no\/wp-content\/uploads\/2023\/02\/cover_300-300x300.jpg\" width=\"300\" height=\"300\" alt=\"\">\n\t\t\t\t\t\t<\/a>\n\t\t\t\t\t<\/div>\n\t\t\t\t<\/div>\n\t\t\t\t\t\t\t<\/div>\n\t\t<\/div>\n\t\t\t\t<div class=\" sp-pcp-col-xs-1 sp-pcp-col-sm-2 sp-pcp-col-md-3 sp-pcp-col-lg-3 sp-pcp-col-xl-3\">\n\t\t\t<div class=\"sp-pcp-post pcp-item-2065\" data-id=\"2065\">\n\t\t\t\t\t\t\t\t<div class=\"pcp-post-thumb-wrapper\">\n\t\t\t\t\t<div class=\"sp-pcp-post-thumb-area\">\n\t\t\t\t\t\t\t\t\t\t\t\t<a class=\"sp-pcp-thumb\" href=\"https:\/\/studiobox.no\/no\/2024\/04\/elvestad-salig-og-sara\/\" target=\"_blank\" rel=&#039;nofollow&#039;>\n\t\t\t\t\t\t\t\t\t\t\t\t\t<img src=\"https:\/\/studiobox.no\/wp-content\/uploads\/2023\/12\/cover_400-300x300.jpg\" width=\"300\" height=\"300\" alt=\"\">\n\t\t\t\t\t\t<\/a>\n\t\t\t\t\t<\/div>\n\t\t\t\t<\/div>\n\t\t\t\t\t\t\t<\/div>\n\t\t<\/div>\n\t\t\t<\/div>\n\t\t<span class=\"sp-pcp-pagination-data\" style=\"display:none;\"><\/span>\n\n\t\t<nav class=\"pcp-post-pagination pcp-on-desktop\">\n\t\t\t\t\t<\/nav>\n\t\t\t\t\t<nav class=\"pcp-post-pagination pcp-on-mobile\">\n\t\t\t\t\t<\/nav>\n\t\t\t\t<\/div>\n\n\n\n\n<div class=\"is-layout-flex wp-container-6 wp-block-columns\"><\/div>\n\n\n\n<div class=\"section-heading\">\n  <span id=\"mixportfolio\" class=\"wpcu_block_title section-title\">RECENT MIXES<\/span>\n<\/div>\n\n\n\n<p class=\"has-text-align-center\">Selection of Mixes (Mixed \/ Re-mixed) by Studiobox<\/p>\n\n\n\n<p class=\"has-text-align-center\" style=\"font-size:11px\"><em>Track courtesy of&nbsp;<strong>Produce Like A Pro<\/strong><\/em><\/p>\n\n\n\n<div class=\"is-layout-flex wp-container-12 wp-block-columns\">\n<div class=\"is-layout-flow wp-block-column\">\n<div class=\"is-layout-flex wp-container-10 wp-block-columns\">\n<div class=\"is-layout-flow wp-block-column\">\n<figure class=\"wp-block-audio alignleft mediaplayer\"><audio controls=\"\" src=\"https:\/\/studiobox.no\/wp-content\/uploads\/2022\/03\/bjorn-TK_OldFashioned_Mix_48k_24b_R11_x.wav\" controlslist=\"nodownload\"><\/audio><figcaption><strong>Todd Kessler<\/strong><br>Old Fashioned Way<\/figcaption><\/figure>\n<\/div>\n\n\n\n<div class=\"is-layout-flow wp-block-column\">\n<figure class=\"wp-block-audio alignleft mediaplayer\"><audio controls=\"\" src=\"https:\/\/studiobox.no\/wp-content\/uploads\/2022\/09\/Bjorn-Ole-Lindseth-\u2013-Long-Way-From-Home-Mix-v19__x.mp3\" controlslist=\"nodownload\"><\/audio><figcaption><strong>Long Way From Home<\/strong><br>Gilad Hekselman<\/figcaption><\/figure>\n\n\n\n<p><\/p>\n<\/div>\n\n\n\n<div class=\"is-layout-flow wp-block-column\">\n<figure class=\"wp-block-audio alignleft mediaplayer\" id=\"media\"><audio controls=\"\" src=\"https:\/\/studiobox.no\/wp-content\/uploads\/2021\/11\/BJORN-PARALYZE_25-FIX-AFTER-CRITIQUE.wav\" controlslist=\"nodownload\"><\/audio><figcaption><strong>Paralyze<\/strong><br>Jay Cliffords<\/figcaption><\/figure>\n<\/div>\n<\/div>\n<\/div>\n<\/div>\n\n\n\n<div class=\"wp-block-cover alignfull is-light has-parallax\" style=\"min-height:100vh\"><span aria-hidden=\"true\" class=\"wp-block-cover__background has-background-dim\"><\/span><div role=\"img\" class=\"wp-block-cover__image-background wp-image-1382 has-parallax\" style=\"background-position:50% 50%;background-image:url(https:\/\/studiobox.no\/wp-content\/uploads\/2021\/08\/TCO6093-2.jpg)\"><\/div><div class=\"wp-block-cover__inner-container\">\n<figure class=\"wp-block-pullquote is-style-default my_name\"><blockquote><p>Music is not just music <br>It&#8217;s a lifestyle<\/p><cite><em>BJ\u00d8RN OLE LINDSETH<\/em><br><em>MUSICIAN, PRODUCER, MIXING ENGINEER<\/em><\/cite><\/blockquote><\/figure>\n<\/div><\/div>\n\n\n\n<div class=\"is-layout-flex wp-container-13 wp-block-columns\"><\/div>\n\n\n\n<div class=\"section-heading\">\n  <span id=\"contact\" class=\"wpcu_block_title section-title\">CONTACT<\/span>\n<\/div>\n<div <a=\"\" href=\"mailto:email@example.com\">bjorn@studiobox.no<\/div>\n\n\n\n<div class=\"is-layout-flex wp-container-15 wp-block-columns\">\n<div class=\"is-layout-flow wp-block-column\"><\/div>\n<\/div>\n\n\n\n\n<div class=\"wpcf7 no-js\" id=\"wpcf7-f1949-o1\" lang=\"en-US\" dir=\"ltr\">\n<div class=\"screen-reader-response\"><p role=\"status\" aria-live=\"polite\" aria-atomic=\"true\"><\/p> <ul><\/ul><\/div>\n<form action=\"\/no\/wp-json\/wp\/v2\/pages\/53#wpcf7-f1949-o1\" method=\"post\" class=\"wpcf7-form init\" aria-label=\"Contact form\" novalidate=\"novalidate\" data-status=\"init\">\n<div style=\"display: none;\">\n<input type=\"hidden\" name=\"_wpcf7\" value=\"1949\" \/>\n<input type=\"hidden\" name=\"_wpcf7_version\" value=\"5.7.4\" \/>\n<input type=\"hidden\" name=\"_wpcf7_locale\" value=\"en_US\" \/>\n<input type=\"hidden\" name=\"_wpcf7_unit_tag\" value=\"wpcf7-f1949-o1\" \/>\n<input type=\"hidden\" name=\"_wpcf7_container_post\" value=\"0\" \/>\n<input type=\"hidden\" name=\"_wpcf7_posted_data_hash\" value=\"\" \/>\n<input type=\"hidden\" name=\"_wpcf7_recaptcha_response\" value=\"\" \/>\n<\/div>\n<p>Name <i>(Required)<\/i><br \/>\n<span class=\"wpcf7-form-control-wrap\" data-name=\"your-name\"><input size=\"40\" class=\"wpcf7-form-control wpcf7-text wpcf7-validates-as-required\" aria-required=\"true\" aria-invalid=\"false\" placeholder=\"Butch Coolidge\" value=\"\" type=\"text\" name=\"your-name\" \/><\/span>\n<\/p>\n<p>Email <i>(Required)<\/i><br \/>\n<span class=\"wpcf7-form-control-wrap\" data-name=\"your-email\"><input size=\"40\" class=\"wpcf7-form-control wpcf7-text wpcf7-email wpcf7-validates-as-required wpcf7-validates-as-email\" aria-required=\"true\" aria-invalid=\"false\" placeholder=\"butch.coolidge@examplemail.com\" value=\"\" type=\"email\" name=\"your-email\" \/><\/span><br \/>\n<i>I will use your email to contact you.<\/i>\n<\/p>\n<p>Project<br \/>\n<span class=\"wpcf7-form-control-wrap\" data-name=\"your-project\"><span class=\"wpcf7-form-control wpcf7-checkbox wpcf7-validates-as-required\"><span class=\"wpcf7-list-item first\"><label><input type=\"checkbox\" name=\"your-project[]\" value=\"Mix single\" \/><span class=\"wpcf7-list-item-label\">Mix single<\/span><\/label><\/span><span class=\"wpcf7-list-item\"><label><input type=\"checkbox\" name=\"your-project[]\" value=\"Mix ep\/album\" \/><span class=\"wpcf7-list-item-label\">Mix ep\/album<\/span><\/label><\/span><span class=\"wpcf7-list-item\"><label><input type=\"checkbox\" name=\"your-project[]\" value=\"Custom production\" \/><span class=\"wpcf7-list-item-label\">Custom production<\/span><\/label><\/span><span class=\"wpcf7-list-item\"><label><input type=\"checkbox\" name=\"your-project[]\" value=\"Sound design\" \/><span class=\"wpcf7-list-item-label\">Sound design<\/span><\/label><\/span><span class=\"wpcf7-list-item last\"><label><input type=\"checkbox\" name=\"your-project[]\" value=\"Other\" \/><span class=\"wpcf7-list-item-label\">Other<\/span><\/label><\/span><\/span><\/span>\n<\/p>\n<p>Artist\/Band Name\/Project name<br \/>\n<span class=\"wpcf7-form-control-wrap\" data-name=\"your-band\"><input size=\"40\" class=\"wpcf7-form-control wpcf7-text\" aria-invalid=\"false\" placeholder=\"Royale With Cheese\" value=\"\" type=\"text\" name=\"your-band\" \/><\/span>\n<\/p>\n<p>Additional Comments<br \/>\n<span class=\"wpcf7-form-control-wrap\" data-name=\"your-message\"><textarea cols=\"40\" rows=\"10\" class=\"wpcf7-form-control wpcf7-textarea\" aria-invalid=\"false\" placeholder=\"Additional Comments\" name=\"your-message\"><\/textarea><\/span>\n<\/p>\n<span class=\"wpcf7-form-control-wrap recaptcha\" data-name=\"recaptcha\"><span data-sitekey=\"6LdsvfIUAAAAAE5pTZSpp0j1f6gs_llmEk2QSdKN\" class=\"wpcf7-form-control g-recaptcha wpcf7-recaptcha\"><\/span>\r\n<noscript>\r\n\t<div class=\"grecaptcha-noscript\">\r\n\t\t<iframe src=\"https:\/\/www.google.com\/recaptcha\/api\/fallback?k=6LdsvfIUAAAAAE5pTZSpp0j1f6gs_llmEk2QSdKN\" frameborder=\"0\" scrolling=\"no\" width=\"310\" height=\"430\">\r\n\t\t<\/iframe>\r\n\t\t<textarea name=\"g-recaptcha-response\" rows=\"3\" cols=\"40\" placeholder=\"reCaptcha Response Here\">\r\n\t\t<\/textarea>\r\n\t<\/div>\r\n<\/noscript>\r\n<\/span>\n<p><input class=\"wpcf7-form-control has-spinner wpcf7-submit\" type=\"submit\" value=\"Send\" \/><br \/>\n<i style=\"text-align:center\"><br \/>\nNote:<br \/>\nI will get back to you as fast as possible with additional information \/ questions and a \u201cfile share\u201d destination where you can uploading your files.<br \/>\n<\/i>\n<\/p><p style=\"display: none !important;\"><label>&#916;<textarea name=\"_wpcf7_ak_hp_textarea\" cols=\"45\" rows=\"8\" maxlength=\"100\"><\/textarea><\/label><input type=\"hidden\" id=\"ak_js_1\" name=\"_wpcf7_ak_js\" value=\"202\"\/><script>document.getElementById( \"ak_js_1\" ).setAttribute( \"value\", ( new Date() ).getTime() );<\/script><\/p><div class=\"wpcf7-response-output\" aria-hidden=\"true\"><\/div>\n<\/form>\n<\/div>\n\n","protected":false},"excerpt":{"rendered":"<p>Greetings, I am Bj\u00f8rn Ole Lindseth, an artistic soul rooted in the timeless beauty of Northern Norway. I&#8217;m a Producer, Mixing Engineer, Musician, songwriter &#8212; crafting melodies and tunes that echo the raw essence of my surroundings. I love making music on every level, so whether you want me to produce or mix for you, [&hellip;]<\/p>\n","protected":false},"author":136,"featured_media":0,"parent":0,"menu_order":0,"comment_status":"closed","ping_status":"closed","template":"template-homepage.php","meta":[],"translation":{"provider":"WPGlobus","version":"2.10.10","language":"no","enabled_languages":["en","no"],"languages":{"en":{"title":true,"content":true,"excerpt":false},"no":{"title":false,"content":false,"excerpt":false}}},"_links":{"self":[{"href":"https:\/\/studiobox.no\/no\/wp-json\/wp\/v2\/pages\/53"}],"collection":[{"href":"https:\/\/studiobox.no\/no\/wp-json\/wp\/v2\/pages"}],"about":[{"href":"https:\/\/studiobox.no\/no\/wp-json\/wp\/v2\/types\/page"}],"author":[{"embeddable":true,"href":"https:\/\/studiobox.no\/no\/wp-json\/wp\/v2\/users\/136"}],"replies":[{"embeddable":true,"href":"https:\/\/studiobox.no\/no\/wp-json\/wp\/v2\/comments?post=53"}],"version-history":[{"count":389,"href":"https:\/\/studiobox.no\/no\/wp-json\/wp\/v2\/pages\/53\/revisions"}],"predecessor-version":[{"id":2886,"href":"https:\/\/studiobox.no\/no\/wp-json\/wp\/v2\/pages\/53\/revisions\/2886"}],"wp:attachment":[{"href":"https:\/\/studiobox.no\/no\/wp-json\/wp\/v2\/media?parent=53"}],"curies":[{"name":"wp","href":"https:\/\/api.w.org\/{rel}","templated":true}]}}